{"id":51215,"date":"2024-09-10T13:27:45","date_gmt":"2024-09-10T13:27:45","guid":{"rendered":"https:\/\/mrmgraphics.com\/?page_id=51215"},"modified":"2026-01-28T07:26:12","modified_gmt":"2026-01-28T06:26:12","slug":"avis-legal","status":"publish","type":"page","link":"https:\/\/mrmgraphics.com\/es\/avis-legal\/","title":{"rendered":"Av\u00eds legal"},"content":{"rendered":"<p>[et_pb_section fb_built=&#8221;1&#8243; _builder_version=&#8221;4.27.0&#8243; _module_preset=&#8221;default&#8221; background_color=&#8221;#000000&#8243; global_colors_info=&#8221;{}&#8221;][et_pb_row _builder_version=&#8221;4.27.0&#8243; _module_preset=&#8221;default&#8221; global_colors_info=&#8221;{}&#8221;][et_pb_column type=&#8221;4_4&#8243; _builder_version=&#8221;4.27.0&#8243; _module_preset=&#8221;default&#8221; global_colors_info=&#8221;{}&#8221;][et_pb_text _builder_version=&#8221;4.27.5&#8243; _module_preset=&#8221;default&#8221; text_text_color=&#8221;#FFFFFF&#8221; text_font_size=&#8221;18px&#8221; text_line_height=&#8221;1.4em&#8221; text_orientation=&#8221;justified&#8221; hover_enabled=&#8221;0&#8243; global_colors_info=&#8221;{}&#8221; sticky_enabled=&#8221;0&#8243; header_2_text_color=&#8221;#FFFFFF&#8221;]<\/p>\n<h2>AVISO LEGAL<\/h2>\n<p>En cumplimiento con el deber de informaci\u00f3n recogido en el art\u00edculo 10 de la Ley 34\/2002, de Servicios de la Sociedad de la Informaci\u00f3n y del Comercio Electr\u00f3nico (LSSI-CE), se informa que la presente p\u00e1gina web es titularidad de:<\/p>\n<p>Titular: BLUCO GRAPHICS, SL<br \/>CIF: B72873748<br \/>Domicilio: EIX ONZE DE SETEMBRE, 35 LOCAL MRM<br \/>Email de contacto: info@mrmgraphics.com<\/p>\n<p>Tel\u00e9fono: 680684032<br \/>Nombre de dominio: MRMGRAPHICS.COM<\/p>\n<p>La finalidad del sitio web es ofrecer informaci\u00f3n sobre los servicios profesionales de rotulaci\u00f3n prestados por la empresa.<\/p>\n<p>El acceso y uso de esta web atribuye la condici\u00f3n de usuario, implicando la aceptaci\u00f3n plena y sin reservas de todas las disposiciones incluidas en este Aviso Legal.<\/p>\n<p>El titular no se responsabiliza del mal uso que se realice de los contenidos de la web, siendo exclusiva responsabilidad de la persona que accede o los utiliza.<\/p>\n<p>Los contenidos, dise\u00f1o, logotipos, textos, im\u00e1genes y estructura del sitio web est\u00e1n protegidos por los correspondientes derechos de propiedad intelectual e industrial, quedando prohibida su reproducci\u00f3n, distribuci\u00f3n o comunicaci\u00f3n p\u00fablica sin autorizaci\u00f3n expresa del titular.<\/p>\n<p>El titular se reserva el derecho a modificar en cualquier momento la informaci\u00f3n contenida en el sitio web sin necesidad de previo aviso.<\/p>\n<p>[\/et_pb_text][\/et_pb_column][\/et_pb_row][\/et_pb_section]<\/p>","protected":false},"excerpt":{"rendered":"<p>AVISO LEGAL En cumplimiento con el deber de informaci\u00f3n recogido en el art\u00edculo 10 de la Ley 34\/2002, de Servicios de la Sociedad de la Informaci\u00f3n y del Comercio Electr\u00f3nico (LSSI-CE), se informa que la presente p\u00e1gina web es titularidad de: Titular: BLUCO GRAPHICS, SLCIF: B72873748Domicilio: EIX ONZE DE SETEMBRE, 35 LOCAL MRMEmail de contacto: [&hellip;]<\/p>","protected":false},"author":1,"featured_media":0,"parent":0,"menu_order":0,"comment_status":"closed","ping_status":"closed","template":"","meta":{"_et_pb_use_builder":"on","_et_pb_old_content":"","_et_gb_content_width":"","footnotes":""},"dipi_cpt_category":[],"class_list":["post-51215","page","type-page","status-publish","hentry"],"yoast_head":"<!-- This site is optimized with the Yoast SEO plugin v26.8 - https:\/\/yoast.com\/product\/yoast-seo-wordpress\/ -->\n<title>Av\u00eds legal - MRM Graphics<\/title>\n<meta name=\"robots\" content=\"index, follow, max-snippet:-1, max-image-preview:large, max-video-preview:-1\" \/>\n<link rel=\"canonical\" href=\"https:\/\/mrmgraphics.com\/es\/avis-legal\/\" \/>\n<meta property=\"og:locale\" content=\"es_ES\" \/>\n<meta property=\"og:type\" content=\"article\" \/>\n<meta property=\"og:title\" content=\"Av\u00eds legal - MRM Graphics\" \/>\n<meta property=\"og:description\" content=\"AVISO LEGAL En cumplimiento con el deber de informaci\u00f3n recogido en el art\u00edculo 10 de la Ley 34\/2002, de Servicios de la Sociedad de la Informaci\u00f3n y del Comercio Electr\u00f3nico (LSSI-CE), se informa que la presente p\u00e1gina web es titularidad de: Titular: BLUCO GRAPHICS, SLCIF: B72873748Domicilio: EIX ONZE DE SETEMBRE, 35 LOCAL MRMEmail de contacto: [&hellip;]\" \/>\n<meta property=\"og:url\" content=\"https:\/\/mrmgraphics.com\/es\/avis-legal\/\" \/>\n<meta property=\"og:site_name\" content=\"MRM Graphics\" \/>\n<meta property=\"article:modified_time\" content=\"2026-01-28T06:26:12+00:00\" \/>\n<meta name=\"twitter:card\" content=\"summary_large_image\" \/>\n<meta name=\"twitter:label1\" content=\"Tiempo de lectura\" \/>\n\t<meta name=\"twitter:data1\" content=\"1 minuto\" \/>\n<script type=\"application\/ld+json\" class=\"yoast-schema-graph\">{\"@context\":\"https:\/\/schema.org\",\"@graph\":[{\"@type\":\"WebPage\",\"@id\":\"https:\/\/mrmgraphics.com\/avis-legal\/\",\"url\":\"https:\/\/mrmgraphics.com\/avis-legal\/\",\"name\":\"Av\u00eds legal - MRM Graphics\",\"isPartOf\":{\"@id\":\"https:\/\/mrmgraphics.com\/#website\"},\"datePublished\":\"2024-09-10T13:27:45+00:00\",\"dateModified\":\"2026-01-28T06:26:12+00:00\",\"breadcrumb\":{\"@id\":\"https:\/\/mrmgraphics.com\/avis-legal\/#breadcrumb\"},\"inLanguage\":\"es\",\"potentialAction\":[{\"@type\":\"ReadAction\",\"target\":[\"https:\/\/mrmgraphics.com\/avis-legal\/\"]}]},{\"@type\":\"BreadcrumbList\",\"@id\":\"https:\/\/mrmgraphics.com\/avis-legal\/#breadcrumb\",\"itemListElement\":[{\"@type\":\"ListItem\",\"position\":1,\"name\":\"Portada\",\"item\":\"https:\/\/mrmgraphics.com\/\"},{\"@type\":\"ListItem\",\"position\":2,\"name\":\"Av\u00eds legal\"}]},{\"@type\":\"WebSite\",\"@id\":\"https:\/\/mrmgraphics.com\/#website\",\"url\":\"https:\/\/mrmgraphics.com\/\",\"name\":\"MRM Graphics\",\"description\":\"Retolaci\u00f3 Pro\",\"potentialAction\":[{\"@type\":\"SearchAction\",\"target\":{\"@type\":\"EntryPoint\",\"urlTemplate\":\"https:\/\/mrmgraphics.com\/?s={search_term_string}\"},\"query-input\":{\"@type\":\"PropertyValueSpecification\",\"valueRequired\":true,\"valueName\":\"search_term_string\"}}],\"inLanguage\":\"es\"}]}<\/script>\n<!-- \/ Yoast SEO plugin. -->","yoast_head_json":{"title":"Av\u00eds legal - MRM Graphics","robots":{"index":"index","follow":"follow","max-snippet":"max-snippet:-1","max-image-preview":"max-image-preview:large","max-video-preview":"max-video-preview:-1"},"canonical":"https:\/\/mrmgraphics.com\/es\/avis-legal\/","og_locale":"es_ES","og_type":"article","og_title":"Av\u00eds legal - MRM Graphics","og_description":"AVISO LEGAL En cumplimiento con el deber de informaci\u00f3n recogido en el art\u00edculo 10 de la Ley 34\/2002, de Servicios de la Sociedad de la Informaci\u00f3n y del Comercio Electr\u00f3nico (LSSI-CE), se informa que la presente p\u00e1gina web es titularidad de: Titular: BLUCO GRAPHICS, SLCIF: B72873748Domicilio: EIX ONZE DE SETEMBRE, 35 LOCAL MRMEmail de contacto: [&hellip;]","og_url":"https:\/\/mrmgraphics.com\/es\/avis-legal\/","og_site_name":"MRM Graphics","article_modified_time":"2026-01-28T06:26:12+00:00","twitter_card":"summary_large_image","twitter_misc":{"Tiempo de lectura":"1 minuto"},"schema":{"@context":"https:\/\/schema.org","@graph":[{"@type":"WebPage","@id":"https:\/\/mrmgraphics.com\/avis-legal\/","url":"https:\/\/mrmgraphics.com\/avis-legal\/","name":"Av\u00eds legal - MRM Graphics","isPartOf":{"@id":"https:\/\/mrmgraphics.com\/#website"},"datePublished":"2024-09-10T13:27:45+00:00","dateModified":"2026-01-28T06:26:12+00:00","breadcrumb":{"@id":"https:\/\/mrmgraphics.com\/avis-legal\/#breadcrumb"},"inLanguage":"es","potentialAction":[{"@type":"ReadAction","target":["https:\/\/mrmgraphics.com\/avis-legal\/"]}]},{"@type":"BreadcrumbList","@id":"https:\/\/mrmgraphics.com\/avis-legal\/#breadcrumb","itemListElement":[{"@type":"ListItem","position":1,"name":"Portada","item":"https:\/\/mrmgraphics.com\/"},{"@type":"ListItem","position":2,"name":"Av\u00eds legal"}]},{"@type":"WebSite","@id":"https:\/\/mrmgraphics.com\/#website","url":"https:\/\/mrmgraphics.com\/","name":"MRM Graphics","description":"Retolaci\u00f3 Pro","potentialAction":[{"@type":"SearchAction","target":{"@type":"EntryPoint","urlTemplate":"https:\/\/mrmgraphics.com\/?s={search_term_string}"},"query-input":{"@type":"PropertyValueSpecification","valueRequired":true,"valueName":"search_term_string"}}],"inLanguage":"es"}]}},"_links":{"self":[{"href":"https:\/\/mrmgraphics.com\/es\/wp-json\/wp\/v2\/pages\/51215","targetHints":{"allow":["GET"]}}],"collection":[{"href":"https:\/\/mrmgraphics.com\/es\/wp-json\/wp\/v2\/pages"}],"about":[{"href":"https:\/\/mrmgraphics.com\/es\/wp-json\/wp\/v2\/types\/page"}],"author":[{"embeddable":true,"href":"https:\/\/mrmgraphics.com\/es\/wp-json\/wp\/v2\/users\/1"}],"replies":[{"embeddable":true,"href":"https:\/\/mrmgraphics.com\/es\/wp-json\/wp\/v2\/comments?post=51215"}],"version-history":[{"count":5,"href":"https:\/\/mrmgraphics.com\/es\/wp-json\/wp\/v2\/pages\/51215\/revisions"}],"predecessor-version":[{"id":51264,"href":"https:\/\/mrmgraphics.com\/es\/wp-json\/wp\/v2\/pages\/51215\/revisions\/51264"}],"wp:attachment":[{"href":"https:\/\/mrmgraphics.com\/es\/wp-json\/wp\/v2\/media?parent=51215"}],"wp:term":[{"taxonomy":"dipi_cpt_category","embeddable":true,"href":"https:\/\/mrmgraphics.com\/es\/wp-json\/wp\/v2\/dipi_cpt_category?post=51215"}],"curies":[{"name":"wp","href":"https:\/\/api.w.org\/{rel}","templated":true}]}}