{"id":51220,"date":"2024-09-10T13:30:26","date_gmt":"2024-09-10T13:30:26","guid":{"rendered":"https:\/\/mrmgraphics.com\/?page_id=51220"},"modified":"2026-01-28T07:28:03","modified_gmt":"2026-01-28T06:28:03","slug":"politica-de-privacitat","status":"publish","type":"page","link":"https:\/\/mrmgraphics.com\/es\/politica-de-privacitat\/","title":{"rendered":"Pol\u00edtica de privacitat"},"content":{"rendered":"<p>[et_pb_section fb_built=&#8221;1&#8243; _builder_version=&#8221;4.27.0&#8243; _module_preset=&#8221;default&#8221; background_color=&#8221;#000000&#8243; locked=&#8221;off&#8221; global_colors_info=&#8221;{}&#8221;][et_pb_row _builder_version=&#8221;4.27.0&#8243; _module_preset=&#8221;default&#8221; global_colors_info=&#8221;{}&#8221;][et_pb_column type=&#8221;4_4&#8243; _builder_version=&#8221;4.27.0&#8243; _module_preset=&#8221;default&#8221; global_colors_info=&#8221;{}&#8221;][et_pb_text _builder_version=&#8221;4.27.5&#8243; _module_preset=&#8221;default&#8221; text_text_color=&#8221;#FFFFFF&#8221; text_font_size=&#8221;18px&#8221; text_line_height=&#8221;1.4em&#8221; text_orientation=&#8221;justified&#8221; hover_enabled=&#8221;0&#8243; global_colors_info=&#8221;{}&#8221; header_2_text_color=&#8221;#FFFFFF&#8221; header_2_text_align=&#8221;left&#8221; sticky_enabled=&#8221;0&#8243;]<\/p>\n<h2>POL\u00cdTICA DE PRIVACIDAD<\/h2>\n<p>De conformidad con lo dispuesto en el Reglamento (UE) 2016\/679 del Parlamento Europeo y del Consejo (RGPD) y en la Ley Org\u00e1nica 3\/2018 (LOPDGDD), se informa al usuario de que los datos personales facilitados a trav\u00e9s de esta web ser\u00e1n tratados bajo la responsabilidad de:<\/p>\n<p><strong>Responsable del tratamiento:<\/strong> BLUCO GRAPHICS, SL<br \/><strong>CIF:<\/strong> B72873748<br \/><strong>Email de contacto:<\/strong> info@mrmgraphics.com<\/p>\n<p><strong>Finalidad del tratamiento<\/strong><\/p>\n<p>Los datos personales recabados a trav\u00e9s del formulario de contacto ser\u00e1n utilizados para:<\/p>\n<ul>\n<li>Responder consultas realizadas por los usuarios<\/li>\n<li>Gestionar solicitudes de presupuestos<\/li>\n<\/ul>\n<p><strong>Datos que se recogen<\/strong><\/p>\n<ul>\n<li>Nombre<\/li>\n<li>Correo electr\u00f3nico<\/li>\n<li>Tel\u00e9fono<\/li>\n<li>Direcci\u00f3n<\/li>\n<\/ul>\n<p><strong>Base legal<\/strong><\/p>\n<p>La base jur\u00eddica del tratamiento es el consentimiento del usuario al enviar el formulario y aceptar la pol\u00edtica de privacidad.<\/p>\n<p><strong>Conservaci\u00f3n de los datos<\/strong><\/p>\n<p>Los datos se conservar\u00e1n durante el tiempo necesario para cumplir con la finalidad para la que fueron recogidos o mientras existan obligaciones legales.<\/p>\n<p><strong>Destinatarios<\/strong><\/p>\n<p>No se ceder\u00e1n datos a terceros, salvo obligaci\u00f3n legal. No obstante, podr\u00e1n tener acceso a los datos proveedores que prestan servicios necesarios para la actividad, como:<\/p>\n<ul>\n<li>Google Analytics (servicio de an\u00e1lisis web)<\/li>\n<li>WhatsApp Business (comunicaci\u00f3n con clientes)<\/li>\n<\/ul>\n<p>Estos proveedores act\u00faan como encargados del tratamiento bajo sus propias pol\u00edticas de privacidad.<\/p>\n<p><strong>Derechos del usuario<\/strong><\/p>\n<p>El usuario puede ejercer los siguientes derechos:<\/p>\n<ul>\n<li>Acceso<\/li>\n<li>Rectificaci\u00f3n<\/li>\n<li>Supresi\u00f3n<\/li>\n<li>Oposici\u00f3n<\/li>\n<li>Limitaci\u00f3n del tratamiento<\/li>\n<li>Portabilidad<\/li>\n<\/ul>\n<p>Para ejercerlos, deber\u00e1 enviar una solicitud junto con copia de su documento identificativo a: <strong>info@mrmgraphics.com<\/strong><\/p>\n<p><strong>Ubicaci\u00f3n de los datos<\/strong><\/p>\n<p>Los servidores se encuentran ubicados dentro de la Uni\u00f3n Europea.<\/p>\n<p>[\/et_pb_text][\/et_pb_column][\/et_pb_row][\/et_pb_section]<\/p>","protected":false},"excerpt":{"rendered":"<p>POL\u00cdTICA DE PRIVACIDAD De conformidad con lo dispuesto en el Reglamento (UE) 2016\/679 del Parlamento Europeo y del Consejo (RGPD) y en la Ley Org\u00e1nica 3\/2018 (LOPDGDD), se informa al usuario de que los datos personales facilitados a trav\u00e9s de esta web ser\u00e1n tratados bajo la responsabilidad de: Responsable del tratamiento: BLUCO GRAPHICS, SLCIF: B72873748Email [&hellip;]<\/p>","protected":false},"author":1,"featured_media":0,"parent":0,"menu_order":0,"comment_status":"closed","ping_status":"closed","template":"","meta":{"_et_pb_use_builder":"on","_et_pb_old_content":"","_et_gb_content_width":"","footnotes":""},"dipi_cpt_category":[],"class_list":["post-51220","page","type-page","status-publish","hentry"],"yoast_head":"<!-- This site is optimized with the Yoast SEO plugin v26.8 - https:\/\/yoast.com\/product\/yoast-seo-wordpress\/ -->\n<title>Pol\u00edtica de privacitat - MRM Graphics<\/title>\n<meta name=\"robots\" content=\"index, follow, max-snippet:-1, max-image-preview:large, max-video-preview:-1\" \/>\n<link rel=\"canonical\" href=\"https:\/\/mrmgraphics.com\/es\/politica-de-privacitat\/\" \/>\n<meta property=\"og:locale\" content=\"es_ES\" \/>\n<meta property=\"og:type\" content=\"article\" \/>\n<meta property=\"og:title\" content=\"Pol\u00edtica de privacitat - MRM Graphics\" \/>\n<meta property=\"og:description\" content=\"POL\u00cdTICA DE PRIVACIDAD De conformidad con lo dispuesto en el Reglamento (UE) 2016\/679 del Parlamento Europeo y del Consejo (RGPD) y en la Ley Org\u00e1nica 3\/2018 (LOPDGDD), se informa al usuario de que los datos personales facilitados a trav\u00e9s de esta web ser\u00e1n tratados bajo la responsabilidad de: Responsable del tratamiento: BLUCO GRAPHICS, SLCIF: B72873748Email [&hellip;]\" \/>\n<meta property=\"og:url\" content=\"https:\/\/mrmgraphics.com\/es\/politica-de-privacitat\/\" \/>\n<meta property=\"og:site_name\" content=\"MRM Graphics\" \/>\n<meta property=\"article:modified_time\" content=\"2026-01-28T06:28:03+00:00\" \/>\n<meta name=\"twitter:card\" content=\"summary_large_image\" \/>\n<meta name=\"twitter:label1\" content=\"Tiempo de lectura\" \/>\n\t<meta name=\"twitter:data1\" content=\"1 minuto\" \/>\n<script type=\"application\/ld+json\" class=\"yoast-schema-graph\">{\"@context\":\"https:\/\/schema.org\",\"@graph\":[{\"@type\":\"WebPage\",\"@id\":\"https:\/\/mrmgraphics.com\/politica-de-privacitat\/\",\"url\":\"https:\/\/mrmgraphics.com\/politica-de-privacitat\/\",\"name\":\"Pol\u00edtica de privacitat - MRM Graphics\",\"isPartOf\":{\"@id\":\"https:\/\/mrmgraphics.com\/#website\"},\"datePublished\":\"2024-09-10T13:30:26+00:00\",\"dateModified\":\"2026-01-28T06:28:03+00:00\",\"breadcrumb\":{\"@id\":\"https:\/\/mrmgraphics.com\/politica-de-privacitat\/#breadcrumb\"},\"inLanguage\":\"es\",\"potentialAction\":[{\"@type\":\"ReadAction\",\"target\":[\"https:\/\/mrmgraphics.com\/politica-de-privacitat\/\"]}]},{\"@type\":\"BreadcrumbList\",\"@id\":\"https:\/\/mrmgraphics.com\/politica-de-privacitat\/#breadcrumb\",\"itemListElement\":[{\"@type\":\"ListItem\",\"position\":1,\"name\":\"Portada\",\"item\":\"https:\/\/mrmgraphics.com\/\"},{\"@type\":\"ListItem\",\"position\":2,\"name\":\"Pol\u00edtica de privacitat\"}]},{\"@type\":\"WebSite\",\"@id\":\"https:\/\/mrmgraphics.com\/#website\",\"url\":\"https:\/\/mrmgraphics.com\/\",\"name\":\"MRM Graphics\",\"description\":\"Retolaci\u00f3 Pro\",\"potentialAction\":[{\"@type\":\"SearchAction\",\"target\":{\"@type\":\"EntryPoint\",\"urlTemplate\":\"https:\/\/mrmgraphics.com\/?s={search_term_string}\"},\"query-input\":{\"@type\":\"PropertyValueSpecification\",\"valueRequired\":true,\"valueName\":\"search_term_string\"}}],\"inLanguage\":\"es\"}]}<\/script>\n<!-- \/ Yoast SEO plugin. -->","yoast_head_json":{"title":"Pol\u00edtica de privacitat - MRM Graphics","robots":{"index":"index","follow":"follow","max-snippet":"max-snippet:-1","max-image-preview":"max-image-preview:large","max-video-preview":"max-video-preview:-1"},"canonical":"https:\/\/mrmgraphics.com\/es\/politica-de-privacitat\/","og_locale":"es_ES","og_type":"article","og_title":"Pol\u00edtica de privacitat - MRM Graphics","og_description":"POL\u00cdTICA DE PRIVACIDAD De conformidad con lo dispuesto en el Reglamento (UE) 2016\/679 del Parlamento Europeo y del Consejo (RGPD) y en la Ley Org\u00e1nica 3\/2018 (LOPDGDD), se informa al usuario de que los datos personales facilitados a trav\u00e9s de esta web ser\u00e1n tratados bajo la responsabilidad de: Responsable del tratamiento: BLUCO GRAPHICS, SLCIF: B72873748Email [&hellip;]","og_url":"https:\/\/mrmgraphics.com\/es\/politica-de-privacitat\/","og_site_name":"MRM Graphics","article_modified_time":"2026-01-28T06:28:03+00:00","twitter_card":"summary_large_image","twitter_misc":{"Tiempo de lectura":"1 minuto"},"schema":{"@context":"https:\/\/schema.org","@graph":[{"@type":"WebPage","@id":"https:\/\/mrmgraphics.com\/politica-de-privacitat\/","url":"https:\/\/mrmgraphics.com\/politica-de-privacitat\/","name":"Pol\u00edtica de privacitat - MRM Graphics","isPartOf":{"@id":"https:\/\/mrmgraphics.com\/#website"},"datePublished":"2024-09-10T13:30:26+00:00","dateModified":"2026-01-28T06:28:03+00:00","breadcrumb":{"@id":"https:\/\/mrmgraphics.com\/politica-de-privacitat\/#breadcrumb"},"inLanguage":"es","potentialAction":[{"@type":"ReadAction","target":["https:\/\/mrmgraphics.com\/politica-de-privacitat\/"]}]},{"@type":"BreadcrumbList","@id":"https:\/\/mrmgraphics.com\/politica-de-privacitat\/#breadcrumb","itemListElement":[{"@type":"ListItem","position":1,"name":"Portada","item":"https:\/\/mrmgraphics.com\/"},{"@type":"ListItem","position":2,"name":"Pol\u00edtica de privacitat"}]},{"@type":"WebSite","@id":"https:\/\/mrmgraphics.com\/#website","url":"https:\/\/mrmgraphics.com\/","name":"MRM Graphics","description":"Retolaci\u00f3 Pro","potentialAction":[{"@type":"SearchAction","target":{"@type":"EntryPoint","urlTemplate":"https:\/\/mrmgraphics.com\/?s={search_term_string}"},"query-input":{"@type":"PropertyValueSpecification","valueRequired":true,"valueName":"search_term_string"}}],"inLanguage":"es"}]}},"_links":{"self":[{"href":"https:\/\/mrmgraphics.com\/es\/wp-json\/wp\/v2\/pages\/51220","targetHints":{"allow":["GET"]}}],"collection":[{"href":"https:\/\/mrmgraphics.com\/es\/wp-json\/wp\/v2\/pages"}],"about":[{"href":"https:\/\/mrmgraphics.com\/es\/wp-json\/wp\/v2\/types\/page"}],"author":[{"embeddable":true,"href":"https:\/\/mrmgraphics.com\/es\/wp-json\/wp\/v2\/users\/1"}],"replies":[{"embeddable":true,"href":"https:\/\/mrmgraphics.com\/es\/wp-json\/wp\/v2\/comments?post=51220"}],"version-history":[{"count":3,"href":"https:\/\/mrmgraphics.com\/es\/wp-json\/wp\/v2\/pages\/51220\/revisions"}],"predecessor-version":[{"id":51265,"href":"https:\/\/mrmgraphics.com\/es\/wp-json\/wp\/v2\/pages\/51220\/revisions\/51265"}],"wp:attachment":[{"href":"https:\/\/mrmgraphics.com\/es\/wp-json\/wp\/v2\/media?parent=51220"}],"wp:term":[{"taxonomy":"dipi_cpt_category","embeddable":true,"href":"https:\/\/mrmgraphics.com\/es\/wp-json\/wp\/v2\/dipi_cpt_category?post=51220"}],"curies":[{"name":"wp","href":"https:\/\/api.w.org\/{rel}","templated":true}]}}