{"id":51224,"date":"2024-09-10T13:31:21","date_gmt":"2024-09-10T13:31:21","guid":{"rendered":"https:\/\/mrmgraphics.com\/?page_id=51224"},"modified":"2026-01-28T07:29:23","modified_gmt":"2026-01-28T06:29:23","slug":"politica-de-galetes","status":"publish","type":"page","link":"https:\/\/mrmgraphics.com\/es\/politica-de-galetes\/","title":{"rendered":"Pol\u00edtica de galetes"},"content":{"rendered":"<p>[et_pb_section fb_built=&#8221;1&#8243; _builder_version=&#8221;4.27.0&#8243; _module_preset=&#8221;default&#8221; background_color=&#8221;#000000&#8243; locked=&#8221;off&#8221; global_colors_info=&#8221;{}&#8221;][et_pb_row _builder_version=&#8221;4.27.0&#8243; _module_preset=&#8221;default&#8221; global_colors_info=&#8221;{}&#8221;][et_pb_column type=&#8221;4_4&#8243; _builder_version=&#8221;4.27.0&#8243; _module_preset=&#8221;default&#8221; global_colors_info=&#8221;{}&#8221;][et_pb_text _builder_version=&#8221;4.27.5&#8243; _module_preset=&#8221;default&#8221; text_text_color=&#8221;#FFFFFF&#8221; text_font_size=&#8221;18px&#8221; text_line_height=&#8221;1.4em&#8221; text_orientation=&#8221;justified&#8221; hover_enabled=&#8221;0&#8243; global_colors_info=&#8221;{}&#8221; header_2_text_color=&#8221;#FFFFFF&#8221; sticky_enabled=&#8221;0&#8243;]<\/p>\n<h2><strong>POL\u00cdTICA DE COOKIES<\/strong><\/h2>\n<p>Este sitio web utiliza cookies propias y de terceros para mejorar la experiencia de navegaci\u00f3n y realizar an\u00e1lisis estad\u00edsticos del uso del sitio web.<\/p>\n<p><strong>\u00bfQu\u00e9 son las cookies?<\/strong><\/p>\n<p>Las cookies son peque\u00f1os archivos de texto que se almacenan en el navegador del usuario al visitar una p\u00e1gina web.<\/p>\n<p><strong>Tipos de cookies utilizadas<\/strong><\/p>\n<p><strong>Cookies t\u00e9cnicas<\/strong><br \/>Permiten el funcionamiento b\u00e1sico de la web.<\/p>\n<p><strong>Cookies anal\u00edticas<\/strong><br \/>Esta web utiliza Google Analytics, un servicio de an\u00e1lisis web que permite medir y analizar la navegaci\u00f3n de los usuarios con fines estad\u00edsticos.<\/p>\n<p><strong>Gesti\u00f3n de cookies<\/strong><\/p>\n<p>Al acceder al sitio web, el usuario puede aceptar o rechazar las cookies a trav\u00e9s del banner de configuraci\u00f3n habilitado.<\/p>\n<p>Las cookies pueden ser de sesi\u00f3n (se eliminan al cerrar el navegador) o persistentes (permanecen durante un tiempo determinado).<\/p>\n<p>El usuario puede configurar su navegador para bloquear o eliminar las cookies en cualquier momento.<\/p>\n<p>Para m\u00e1s informaci\u00f3n sobre las cookies de Google Analytics, se recomienda consultar su pol\u00edtica de privacidad.<\/p>\n<p>[\/et_pb_text][\/et_pb_column][\/et_pb_row][\/et_pb_section]<\/p>","protected":false},"excerpt":{"rendered":"<p>POL\u00cdTICA DE COOKIES Este sitio web utiliza cookies propias y de terceros para mejorar la experiencia de navegaci\u00f3n y realizar an\u00e1lisis estad\u00edsticos del uso del sitio web. \u00bfQu\u00e9 son las cookies? Las cookies son peque\u00f1os archivos de texto que se almacenan en el navegador del usuario al visitar una p\u00e1gina web. Tipos de cookies utilizadas [&hellip;]<\/p>","protected":false},"author":1,"featured_media":0,"parent":0,"menu_order":0,"comment_status":"closed","ping_status":"closed","template":"","meta":{"_et_pb_use_builder":"on","_et_pb_old_content":"","_et_gb_content_width":"","footnotes":""},"dipi_cpt_category":[],"class_list":["post-51224","page","type-page","status-publish","hentry"],"yoast_head":"<!-- This site is optimized with the Yoast SEO plugin v26.8 - https:\/\/yoast.com\/product\/yoast-seo-wordpress\/ -->\n<title>Pol\u00edtica de galetes - MRM Graphics<\/title>\n<meta name=\"robots\" content=\"index, follow, max-snippet:-1, max-image-preview:large, max-video-preview:-1\" \/>\n<link rel=\"canonical\" href=\"https:\/\/mrmgraphics.com\/es\/politica-de-galetes\/\" \/>\n<meta property=\"og:locale\" content=\"es_ES\" \/>\n<meta property=\"og:type\" content=\"article\" \/>\n<meta property=\"og:title\" content=\"Pol\u00edtica de galetes - MRM Graphics\" \/>\n<meta property=\"og:description\" content=\"POL\u00cdTICA DE COOKIES Este sitio web utiliza cookies propias y de terceros para mejorar la experiencia de navegaci\u00f3n y realizar an\u00e1lisis estad\u00edsticos del uso del sitio web. \u00bfQu\u00e9 son las cookies? Las cookies son peque\u00f1os archivos de texto que se almacenan en el navegador del usuario al visitar una p\u00e1gina web. Tipos de cookies utilizadas [&hellip;]\" \/>\n<meta property=\"og:url\" content=\"https:\/\/mrmgraphics.com\/es\/politica-de-galetes\/\" \/>\n<meta property=\"og:site_name\" content=\"MRM Graphics\" \/>\n<meta property=\"article:modified_time\" content=\"2026-01-28T06:29:23+00:00\" \/>\n<meta name=\"twitter:card\" content=\"summary_large_image\" \/>\n<script type=\"application\/ld+json\" class=\"yoast-schema-graph\">{\"@context\":\"https:\/\/schema.org\",\"@graph\":[{\"@type\":\"WebPage\",\"@id\":\"https:\/\/mrmgraphics.com\/politica-de-galetes\/\",\"url\":\"https:\/\/mrmgraphics.com\/politica-de-galetes\/\",\"name\":\"Pol\u00edtica de galetes - MRM Graphics\",\"isPartOf\":{\"@id\":\"https:\/\/mrmgraphics.com\/#website\"},\"datePublished\":\"2024-09-10T13:31:21+00:00\",\"dateModified\":\"2026-01-28T06:29:23+00:00\",\"breadcrumb\":{\"@id\":\"https:\/\/mrmgraphics.com\/politica-de-galetes\/#breadcrumb\"},\"inLanguage\":\"es\",\"potentialAction\":[{\"@type\":\"ReadAction\",\"target\":[\"https:\/\/mrmgraphics.com\/politica-de-galetes\/\"]}]},{\"@type\":\"BreadcrumbList\",\"@id\":\"https:\/\/mrmgraphics.com\/politica-de-galetes\/#breadcrumb\",\"itemListElement\":[{\"@type\":\"ListItem\",\"position\":1,\"name\":\"Portada\",\"item\":\"https:\/\/mrmgraphics.com\/\"},{\"@type\":\"ListItem\",\"position\":2,\"name\":\"Pol\u00edtica de galetes\"}]},{\"@type\":\"WebSite\",\"@id\":\"https:\/\/mrmgraphics.com\/#website\",\"url\":\"https:\/\/mrmgraphics.com\/\",\"name\":\"MRM Graphics\",\"description\":\"Retolaci\u00f3 Pro\",\"potentialAction\":[{\"@type\":\"SearchAction\",\"target\":{\"@type\":\"EntryPoint\",\"urlTemplate\":\"https:\/\/mrmgraphics.com\/?s={search_term_string}\"},\"query-input\":{\"@type\":\"PropertyValueSpecification\",\"valueRequired\":true,\"valueName\":\"search_term_string\"}}],\"inLanguage\":\"es\"}]}<\/script>\n<!-- \/ Yoast SEO plugin. -->","yoast_head_json":{"title":"Pol\u00edtica de galetes - MRM Graphics","robots":{"index":"index","follow":"follow","max-snippet":"max-snippet:-1","max-image-preview":"max-image-preview:large","max-video-preview":"max-video-preview:-1"},"canonical":"https:\/\/mrmgraphics.com\/es\/politica-de-galetes\/","og_locale":"es_ES","og_type":"article","og_title":"Pol\u00edtica de galetes - MRM Graphics","og_description":"POL\u00cdTICA DE COOKIES Este sitio web utiliza cookies propias y de terceros para mejorar la experiencia de navegaci\u00f3n y realizar an\u00e1lisis estad\u00edsticos del uso del sitio web. \u00bfQu\u00e9 son las cookies? Las cookies son peque\u00f1os archivos de texto que se almacenan en el navegador del usuario al visitar una p\u00e1gina web. Tipos de cookies utilizadas [&hellip;]","og_url":"https:\/\/mrmgraphics.com\/es\/politica-de-galetes\/","og_site_name":"MRM Graphics","article_modified_time":"2026-01-28T06:29:23+00:00","twitter_card":"summary_large_image","schema":{"@context":"https:\/\/schema.org","@graph":[{"@type":"WebPage","@id":"https:\/\/mrmgraphics.com\/politica-de-galetes\/","url":"https:\/\/mrmgraphics.com\/politica-de-galetes\/","name":"Pol\u00edtica de galetes - MRM Graphics","isPartOf":{"@id":"https:\/\/mrmgraphics.com\/#website"},"datePublished":"2024-09-10T13:31:21+00:00","dateModified":"2026-01-28T06:29:23+00:00","breadcrumb":{"@id":"https:\/\/mrmgraphics.com\/politica-de-galetes\/#breadcrumb"},"inLanguage":"es","potentialAction":[{"@type":"ReadAction","target":["https:\/\/mrmgraphics.com\/politica-de-galetes\/"]}]},{"@type":"BreadcrumbList","@id":"https:\/\/mrmgraphics.com\/politica-de-galetes\/#breadcrumb","itemListElement":[{"@type":"ListItem","position":1,"name":"Portada","item":"https:\/\/mrmgraphics.com\/"},{"@type":"ListItem","position":2,"name":"Pol\u00edtica de galetes"}]},{"@type":"WebSite","@id":"https:\/\/mrmgraphics.com\/#website","url":"https:\/\/mrmgraphics.com\/","name":"MRM Graphics","description":"Retolaci\u00f3 Pro","potentialAction":[{"@type":"SearchAction","target":{"@type":"EntryPoint","urlTemplate":"https:\/\/mrmgraphics.com\/?s={search_term_string}"},"query-input":{"@type":"PropertyValueSpecification","valueRequired":true,"valueName":"search_term_string"}}],"inLanguage":"es"}]}},"_links":{"self":[{"href":"https:\/\/mrmgraphics.com\/es\/wp-json\/wp\/v2\/pages\/51224","targetHints":{"allow":["GET"]}}],"collection":[{"href":"https:\/\/mrmgraphics.com\/es\/wp-json\/wp\/v2\/pages"}],"about":[{"href":"https:\/\/mrmgraphics.com\/es\/wp-json\/wp\/v2\/types\/page"}],"author":[{"embeddable":true,"href":"https:\/\/mrmgraphics.com\/es\/wp-json\/wp\/v2\/users\/1"}],"replies":[{"embeddable":true,"href":"https:\/\/mrmgraphics.com\/es\/wp-json\/wp\/v2\/comments?post=51224"}],"version-history":[{"count":3,"href":"https:\/\/mrmgraphics.com\/es\/wp-json\/wp\/v2\/pages\/51224\/revisions"}],"predecessor-version":[{"id":51266,"href":"https:\/\/mrmgraphics.com\/es\/wp-json\/wp\/v2\/pages\/51224\/revisions\/51266"}],"wp:attachment":[{"href":"https:\/\/mrmgraphics.com\/es\/wp-json\/wp\/v2\/media?parent=51224"}],"wp:term":[{"taxonomy":"dipi_cpt_category","embeddable":true,"href":"https:\/\/mrmgraphics.com\/es\/wp-json\/wp\/v2\/dipi_cpt_category?post=51224"}],"curies":[{"name":"wp","href":"https:\/\/api.w.org\/{rel}","templated":true}]}}